{"id":66,"date":"2026-04-24T07:26:28","date_gmt":"2026-04-24T07:26:28","guid":{"rendered":"https:\/\/serwer438432.lh.pl\/autoinstalator\/serwer438432.lh.pl\/aiwordpress6199\/o-nas\/"},"modified":"2026-04-24T09:08:52","modified_gmt":"2026-04-24T09:08:52","slug":"o-nas","status":"publish","type":"page","link":"https:\/\/natmartls.com.pl\/?page_id=66","title":{"rendered":"O nas"},"content":{"rendered":"\n<div class=\"wp-block-group alignfull is-style-ext-preset--group--natural-1--section has-background-background-color has-background has-global-padding is-layout-constrained wp-container-core-group-is-layout-843e5a6d wp-block-group-is-layout-constrained\" id=\"o-nas\" style=\"margin-top:0;margin-bottom:0;padding-top:var(--wp--preset--spacing--70);padding-bottom:var(--wp--preset--spacing--70)\">\n<h2 class=\"wp-block-heading has-text-align-center ext-animate--on\">Specjalizujemy si\u0119 w transporcie ch\u0142odniczym i plandekowym, gwarantuj\u0105c niezawodno\u015b\u0107 i terminowo\u015b\u0107<\/h2>\n\n\n\n<p class=\"has-text-align-center ext-animate--on\" style=\"margin-top:1.5rem\">Nasz\u0105 misj\u0105 jest dostarczanie kompleksowych us\u0142ug logistycznych, kt\u00f3re \u0142\u0105cz\u0105 profesjonalizm z innowacyjno\u015bci\u0105, zapewniaj\u0105c satysfakcj\u0119 klient\u00f3w i rozw\u00f3j firmy.<\/p>\n\n\n\n<figure class=\"wp-block-image is-style-ext-preset-image-natural-1-image-1--content-any is-style-ext-preset--image--natural-1--image-1--content-any ext-animate--on\"><img loading=\"lazy\" decoding=\"async\" width=\"1440\" height=\"959\" src=\"https:\/\/natmartls.com.pl\/wp-content\/uploads\/2026\/04\/2ef619c4aa0aa8ee3f1243c711865a2aae02e873.jpg\" alt=\"\" class=\"wp-image-81\" style=\"aspect-ratio:16\/9;object-fit:cover\" srcset=\"https:\/\/natmartls.com.pl\/wp-content\/uploads\/2026\/04\/2ef619c4aa0aa8ee3f1243c711865a2aae02e873.jpg 1440w, https:\/\/natmartls.com.pl\/wp-content\/uploads\/2026\/04\/2ef619c4aa0aa8ee3f1243c711865a2aae02e873-300x200.jpg 300w, https:\/\/natmartls.com.pl\/wp-content\/uploads\/2026\/04\/2ef619c4aa0aa8ee3f1243c711865a2aae02e873-1024x682.jpg 1024w, https:\/\/natmartls.com.pl\/wp-content\/uploads\/2026\/04\/2ef619c4aa0aa8ee3f1243c711865a2aae02e873-768x511.jpg 768w\" sizes=\"auto, (max-width: 1440px) 100vw, 1440px\" \/><\/figure>\n<\/div>\n\n\n\n<div class=\"wp-block-group alignfull is-style-ext-preset--group--natural-1--section has-tertiary-background-color has-background has-global-padding is-layout-constrained wp-container-core-group-is-layout-f72f1611 wp-block-group-is-layout-constrained\" id=\"galeria\" style=\"margin-top:0;margin-bottom:0;padding-top:var(--wp--preset--spacing--70);padding-bottom:var(--wp--preset--spacing--70)\">\n<div class=\"wp-block-group alignwide ext-is-logical-start has-global-padding is-content-justification-left is-layout-constrained wp-container-core-group-is-layout-6729bdbe wp-block-group-is-layout-constrained\">\n<h2 class=\"wp-block-heading ext-animate--on\">Zapewniamy niezawodny transport ch\u0142odniczy i plandekowy z dba\u0142o\u015bci\u0105 o ka\u017cdy detal<\/h2>\n\n\n\n<p class=\"has-text-align-left ext-animate--on\" style=\"margin-top:1.5rem\">Galeria zdj\u0119\u0107 przedstawia nasze pojazdy i procesy, podkre\u015blaj\u0105c profesjonalizm us\u0142ug Natmar TLS<\/p>\n<\/div>\n\n\n\n<div class=\"wp-block-columns alignwide is-layout-flex wp-container-core-columns-is-layout-87beb0d0 wp-block-columns-is-layout-flex\">\n<div class=\"wp-block-column is-vertically-aligned-top ext-animate--on is-layout-flow wp-container-core-column-is-layout-f5bb311e wp-block-column-is-layout-flow\">\n<figure class=\"wp-block-image is-style-ext-preset--image--natural-1--image-1--content-bottom\"><img loading=\"lazy\" decoding=\"async\" width=\"1440\" height=\"1440\" src=\"https:\/\/natmartls.com.pl\/wp-content\/uploads\/2026\/04\/923e5d3456c2305996cdd32b21565a90b8f4c85b.jpg\" alt=\"\" class=\"wp-image-82\" style=\"aspect-ratio:1;object-fit:cover\" srcset=\"https:\/\/natmartls.com.pl\/wp-content\/uploads\/2026\/04\/923e5d3456c2305996cdd32b21565a90b8f4c85b.jpg 1440w, https:\/\/natmartls.com.pl\/wp-content\/uploads\/2026\/04\/923e5d3456c2305996cdd32b21565a90b8f4c85b-300x300.jpg 300w, https:\/\/natmartls.com.pl\/wp-content\/uploads\/2026\/04\/923e5d3456c2305996cdd32b21565a90b8f4c85b-1024x1024.jpg 1024w, https:\/\/natmartls.com.pl\/wp-content\/uploads\/2026\/04\/923e5d3456c2305996cdd32b21565a90b8f4c85b-150x150.jpg 150w, https:\/\/natmartls.com.pl\/wp-content\/uploads\/2026\/04\/923e5d3456c2305996cdd32b21565a90b8f4c85b-768x768.jpg 768w\" sizes=\"auto, (max-width: 1440px) 100vw, 1440px\" \/><\/figure>\n<\/div>\n\n\n\n<div class=\"wp-block-column is-vertically-aligned-top ext-animate--on is-layout-flow wp-container-core-column-is-layout-f5bb311e wp-block-column-is-layout-flow\">\n<figure class=\"wp-block-image size-large is-style-ext-preset--image--natural-1--image-1--content-left\"><img loading=\"lazy\" decoding=\"async\" width=\"1024\" height=\"576\" src=\"https:\/\/natmartls.com.pl\/wp-content\/uploads\/2026\/04\/DSC_0708-scaled-1-1024x576.jpg\" alt=\"\" class=\"wp-image-132\" style=\"aspect-ratio:4\/3;object-fit:cover\" srcset=\"https:\/\/natmartls.com.pl\/wp-content\/uploads\/2026\/04\/DSC_0708-scaled-1-1024x576.jpg 1024w, https:\/\/natmartls.com.pl\/wp-content\/uploads\/2026\/04\/DSC_0708-scaled-1-300x169.jpg 300w, https:\/\/natmartls.com.pl\/wp-content\/uploads\/2026\/04\/DSC_0708-scaled-1-768x432.jpg 768w, https:\/\/natmartls.com.pl\/wp-content\/uploads\/2026\/04\/DSC_0708-scaled-1-1536x864.jpg 1536w, https:\/\/natmartls.com.pl\/wp-content\/uploads\/2026\/04\/DSC_0708-scaled-1-2048x1152.jpg 2048w\" sizes=\"auto, (max-width: 1024px) 100vw, 1024px\" \/><\/figure>\n<\/div>\n<\/div>\n<\/div>\n\n\n\n<div class=\"wp-block-group alignfull is-style-ext-preset--group--natural-1--section has-background-background-color has-background has-global-padding is-layout-constrained wp-container-core-group-is-layout-e955bbaf wp-block-group-is-layout-constrained\" style=\"margin-top:0;margin-bottom:0;padding-top:var(--wp--preset--spacing--70);padding-bottom:var(--wp--preset--spacing--70)\"><\/div>\n\n\n\n<p><\/p>\n","protected":false},"excerpt":{"rendered":"<p>Specjalizujemy si\u0119 w transporcie ch\u0142odniczym i plandekowym, gwarantuj\u0105c niezawodno\u015b\u0107 i terminowo\u015b\u0107 Nasz\u0105 misj\u0105 jest dostarczanie kompleksowych us\u0142ug logistycznych, kt\u00f3re \u0142\u0105cz\u0105 profesjonalizm z innowacyjno\u015bci\u0105, zapewniaj\u0105c satysfakcj\u0119 klient\u00f3w i rozw\u00f3j firmy. Zapewniamy niezawodny transport ch\u0142odniczy i plandekowy z dba\u0142o\u015bci\u0105 o ka\u017cdy detal Galeria zdj\u0119\u0107 przedstawia nasze pojazdy i procesy, podkre\u015blaj\u0105c profesjonalizm us\u0142ug Natmar TLS<\/p>\n","protected":false},"author":1,"featured_media":0,"parent":0,"menu_order":0,"comment_status":"closed","ping_status":"closed","template":"page-with-title","meta":{"footnotes":""},"class_list":["post-66","page","type-page","status-publish","hentry"],"_links":{"self":[{"href":"https:\/\/natmartls.com.pl\/index.php?rest_route=\/wp\/v2\/pages\/66","targetHints":{"allow":["GET"]}}],"collection":[{"href":"https:\/\/natmartls.com.pl\/index.php?rest_route=\/wp\/v2\/pages"}],"about":[{"href":"https:\/\/natmartls.com.pl\/index.php?rest_route=\/wp\/v2\/types\/page"}],"author":[{"embeddable":true,"href":"https:\/\/natmartls.com.pl\/index.php?rest_route=\/wp\/v2\/users\/1"}],"replies":[{"embeddable":true,"href":"https:\/\/natmartls.com.pl\/index.php?rest_route=%2Fwp%2Fv2%2Fcomments&post=66"}],"version-history":[{"count":2,"href":"https:\/\/natmartls.com.pl\/index.php?rest_route=\/wp\/v2\/pages\/66\/revisions"}],"predecessor-version":[{"id":190,"href":"https:\/\/natmartls.com.pl\/index.php?rest_route=\/wp\/v2\/pages\/66\/revisions\/190"}],"wp:attachment":[{"href":"https:\/\/natmartls.com.pl\/index.php?rest_route=%2Fwp%2Fv2%2Fmedia&parent=66"}],"curies":[{"name":"wp","href":"https:\/\/api.w.org\/{rel}","templated":true}]}}